{"id":1069,"date":"2023-02-28T12:40:12","date_gmt":"2023-02-28T11:40:12","guid":{"rendered":"https:\/\/rebirthcanarie.es\/cookie-policy\/"},"modified":"2023-02-28T12:40:12","modified_gmt":"2023-02-28T11:40:12","slug":"cookie-policy","status":"publish","type":"page","link":"https:\/\/rebirthcanarie.es\/it\/cookie-policy\/","title":{"rendered":"Cookie Policy"},"content":{"rendered":"\t\t<div data-elementor-type=\"wp-page\" data-elementor-id=\"1069\" class=\"elementor elementor-1069 elementor-1040\" data-elementor-post-type=\"page\">\n\t\t\t\t\t\t<section class=\"elementor-section elementor-top-section elementor-element elementor-element-93421eb elementor-section-height-min-height elementor-section-boxed elementor-section-height-default elementor-section-items-middle\" data-id=\"93421eb\" data-element_type=\"section\" data-settings=\"{&quot;background_background&quot;:&quot;classic&quot;,&quot;shape_divider_bottom&quot;:&quot;waves&quot;}\">\n\t\t\t\t\t\t\t<div class=\"elementor-background-overlay\"><\/div>\n\t\t\t\t\t\t<div class=\"elementor-shape elementor-shape-bottom\" data-negative=\"false\">\n\t\t\t<svg xmlns=\"http:\/\/www.w3.org\/2000\/svg\" viewBox=\"0 0 1000 100\" preserveAspectRatio=\"none\">\n\t<path class=\"elementor-shape-fill\" d=\"M421.9,6.5c22.6-2.5,51.5,0.4,75.5,5.3c23.6,4.9,70.9,23.5,100.5,35.7c75.8,32.2,133.7,44.5,192.6,49.7\n\tc23.6,2.1,48.7,3.5,103.4-2.5c54.7-6,106.2-25.6,106.2-25.6V0H0v30.3c0,0,72,32.6,158.4,30.5c39.2-0.7,92.8-6.7,134-22.4\n\tc21.2-8.1,52.2-18.2,79.7-24.2C399.3,7.9,411.6,7.5,421.9,6.5z\"\/>\n<\/svg>\t\t<\/div>\n\t\t\t\t\t<div class=\"elementor-container elementor-column-gap-default\">\n\t\t\t\t\t<div class=\"elementor-column elementor-col-100 elementor-top-column elementor-element elementor-element-8ffe5b2\" data-id=\"8ffe5b2\" data-element_type=\"column\">\n\t\t\t<div class=\"elementor-widget-wrap elementor-element-populated\">\n\t\t\t\t\t\t<div class=\"elementor-element elementor-element-c026392 elementor-widget elementor-widget-heading\" data-id=\"c026392\" data-element_type=\"widget\" data-widget_type=\"heading.default\">\n\t\t\t\t<div class=\"elementor-widget-container\">\n\t\t\t<style>\/*! elementor - v3.19.0 - 26-02-2024 *\/\n.elementor-heading-title{padding:0;margin:0;line-height:1}.elementor-widget-heading .elementor-heading-title[class*=elementor-size-]>a{color:inherit;font-size:inherit;line-height:inherit}.elementor-widget-heading .elementor-heading-title.elementor-size-small{font-size:15px}.elementor-widget-heading .elementor-heading-title.elementor-size-medium{font-size:19px}.elementor-widget-heading .elementor-heading-title.elementor-size-large{font-size:29px}.elementor-widget-heading .elementor-heading-title.elementor-size-xl{font-size:39px}.elementor-widget-heading .elementor-heading-title.elementor-size-xxl{font-size:59px}<\/style><h1 class=\"elementor-heading-title elementor-size-default\">Cookie policy<\/h1>\t\t<\/div>\n\t\t\t\t<\/div>\n\t\t\t\t\t<\/div>\n\t\t<\/div>\n\t\t\t\t\t<\/div>\n\t\t<\/section>\n\t\t\t\t<section class=\"elementor-section elementor-top-section elementor-element elementor-element-32eed58 elementor-section-boxed elementor-section-height-default elementor-section-height-default\" data-id=\"32eed58\" data-element_type=\"section\">\n\t\t\t\t\t\t<div class=\"elementor-container elementor-column-gap-default\">\n\t\t\t\t\t<div class=\"elementor-column elementor-col-100 elementor-top-column elementor-element elementor-element-e0fc75e\" data-id=\"e0fc75e\" data-element_type=\"column\">\n\t\t\t<div class=\"elementor-widget-wrap elementor-element-populated\">\n\t\t\t\t\t\t<div class=\"elementor-element elementor-element-01347ea elementor-widget elementor-widget-text-editor\" data-id=\"01347ea\" data-element_type=\"widget\" data-widget_type=\"text-editor.default\">\n\t\t\t\t<div class=\"elementor-widget-container\">\n\t\t\t<style>\/*! elementor - v3.19.0 - 26-02-2024 *\/\n.elementor-widget-text-editor.elementor-drop-cap-view-stacked .elementor-drop-cap{background-color:#69727d;color:#fff}.elementor-widget-text-editor.elementor-drop-cap-view-framed .elementor-drop-cap{color:#69727d;border:3px solid;background-color:transparent}.elementor-widget-text-editor:not(.elementor-drop-cap-view-default) .elementor-drop-cap{margin-top:8px}.elementor-widget-text-editor:not(.elementor-drop-cap-view-default) .elementor-drop-cap-letter{width:1em;height:1em}.elementor-widget-text-editor .elementor-drop-cap{float:left;text-align:center;line-height:1;font-size:50px}.elementor-widget-text-editor .elementor-drop-cap-letter{display:inline-block}<\/style>\t\t\t\t<div class=\"column mcb-column mcb-item-115ad7cdb one tablet-one mobile-one column_column\"><div class=\"mcb-column-inner mcb-column-inner-115ad7cdb mcb-item-column-inner\"><div class=\"column_attr mfn-inline-editor clearfix\"><h3><strong>INFORMAZIONI SUL TRATTAMENTO DEI DATI PERSONALI<\/strong> <strong>degli utenti che consultano il sito web www.re-birth.it<\/strong> ai sensi dell&#8217;art. 13 del Regolamento UE 2016\/679 (GDPR)<\/h3><hr \/><h5>Perch\u00e9 questo avviso<\/h5><p>In questa pagina si descrivono le modalit\u00e0 di gestione del sito in riferimento al trattamento dei dati personali a coloro che interagiscono con i servizi <em>web<\/em> della societ\u00e0 <strong>REBIRTH SpA<\/strong> (in seguito denominata &#8220;Titolare&#8221;). Si tratta di un&#8217;informativa che \u00e8 resa <strong>ai sensi e dell&#8217;art. 13 del Regolamento UE 2016\/679<\/strong> (di seguito &#8220;Regolamento&#8221;). L&#8217;informativa \u00e8 resa solo per il sito del Titolare e non anche per altri siti <em>web<\/em> eventualmente consultati dall&#8217;utente tramite <em>link<\/em> dal sito.<\/p><hr \/><h5>Il Titolare del trattamento<\/h5><p>A seguito della consultazione di questo sito possono essere trattati dati relativi a persone identificate o identificabili. Il &#8220;Titolare&#8221; del trattamento dei dati personali \u00e8 la <strong>REBIRTH SpA<\/strong> che ha sede in Via della Selvotta, 23 &#8211; 00060 Formello, Roma, IT. Contatti e recapiti: Telefono <a href=\"tel:+393421906334\" target=\"_blank\" rel=\"noopener\">+39 342 190 6334<\/a>\u00a0&#8211; Indirizzo email: <a href=\"mailto:info@re-birth.it\" target=\"_blank\" rel=\"noopener\">info@re-birth.it<\/a> &#8211; PEC: <a href=\"mailto:rebirth_spa@legalmail.it\">rebirth_spa@legalmail.it<\/a>.<\/p><p>Il Responsabile della Protezione dei Dati personali, nominato ai sensi del Regolamento UE 679\/2016, \u00e8 reperibile al seguente indirizzo email <a href=\"mailto:dpo@re-birth.it\" target=\"_blank\" rel=\"noopener\">dpo@re-birth.it<\/a><\/p><hr \/><h5>Luogo di trattamento dei dati<\/h5><p>I trattamenti connessi ai servizi web di questo sito hanno luogo presso la predetta sede del titolare e sono curati solo da personale tecnico incaricato del trattamento. In caso di necessit\u00e0, i dati connessi ad alcuni servizi possono essere trattati dal personale di societ\u00e0 che curano la manutenzione della parte tecnologica del sito (tali soggetti sono nominati responsabili del trattamento ai sensi dell&#8217;art. 28 Reg. UE 2016\/679), presso le sedi delle societ\u00e0 medesime. Un elenco aggiornato di tali responsabili \u00e8 disponibile presso la sede della titolare.<\/p><hr \/><h5>Categorie dei dati personali trattati<\/h5><p><i>Dati Personali.<\/i> Cosa sono i dati personali? I dati personali sono le informazioni che identificano o rendono identificabile, in modo diretto o indiretto, una persona fisica e che possono fornire dettagli sulle sue caratteristiche, le sue abitudini, il tuo stile di vita, le sue relazioni personali, il tuo stato di salute, la sua situazione economica, ecc.. I dati personali si suddividono in: <em>dati comuni:<\/em> quelli che permettono l&#8217;identificazione diretta, come i dati anagrafici (ad esempio: nome e cognome, le immagini, ecc.); <em>categoria particolari di dati: art. 9 Reg. UE 2016\/679<\/em> dati personali che rivelino l&#8217;origine razziale o etnica, le opinioni politiche, le convinzioni religiose o filosofiche, o l&#8217;appartenenza sindacale, nonch\u00e9 trattare dati genetici, dati biometrici intesi a identificare in modo univoco una persona fisica, dati relativi alla salute o alla vita sessuale o all&#8217;orientamento sessuale della persona. <em>dati giudiziari: art. 10 Reg. UE 2016\/679<\/em> tutti quei dati che possono rivelare l&#8217;esistenza di determinati provvedimenti giudiziari soggetti ad iscrizione nel casellario giudiziale (ad esempio, i provvedimenti penali di condanna definitivi, la liberazione condizionale, il divieto od obbligo di soggiorno, le misure alternative alla detenzione) o la qualit\u00e0 di imputato o di indagato. <em>dati di navigazione:<\/em> i sistemi informatici e le procedure software preposte al funzionamento di questo sito web acquisiscono, nel corso del loro normale esercizio, alcuni dati personali la cui trasmissione \u00e8 implicita nell&#8217;uso dei protocolli di comunicazione di Internet. Si tratta di informazioni che non sono raccolte per essere associate a interessati identificati, ma che per loro stessa natura potrebbero, attraverso elaborazioni ed associazioni con dati detenuti da terzi, permettere di identificare gli utenti. In questa categoria di dati rientrano gli indirizzi IP o i nomi a dominio dei computer utilizzati dagli utenti che si connettono al sito, gli indirizzi in notazione <em>URI (Uniform Resource Identifier)<\/em> delle risorse richieste, l&#8217;orario della richiesta, il metodo utilizzato nel sottoporre la richiesta al server, la dimensione del file ottenuto in risposta, il codice numerico indicante lo stato della risposta data dal server (buon fine, errore, ecc.) ed altri parametri relativi al sistema operativo e all&#8217;ambiente informatico dell&#8217;utente. Questi dati vengono utilizzati al solo fine di ricavare informazioni statistiche anonime sull&#8217;uso del sito e per controllarne il corretto funzionamento e vengono cancellati immediatamente dopo l&#8217;elaborazione. Non sono considerati personali i dati raccolti in modo anonimo o in forma aggregata in modo da non consentire pi\u00f9 l&#8217;identificazione di una persona fisica specifica, nemmeno in combinazione con altre informazioni o in altri modi.<\/p><hr \/><h5><i>Quali dati personali trattiamo?<\/i><\/h5><p>Dati forniti volontariamente dall&#8217;utente \u2013 I dati personali sono forniti direttamente dall&#8217;utente (di seguito anche &#8216;interessato&#8217;):<\/p><ul><li>dati di navigazione;<\/li><li>dati personali inviati in modo facoltativo, esplicito e volontario, mediante i recapiti di contatto indicati sul sito o mediante la compilazione di specifici form per richieste d&#8217;informazione e\/o di contatto da parte dell&#8217;interessato stesso (nome, cognome, email, telefono, nonch\u00e9 eventuali altri dati personali volontariamente inseriti nella missiva dal richiedente);<\/li><\/ul><hr \/><h5>Facoltativit\u00e0 del conferimento dei dati<\/h5><p>Il conferimento dei dati sopra indicati \u00e8 facoltativo, ma necessario per fornire i servizi richiesti. L&#8217;eventuale rifiuto del conferimento dei dati comporta l&#8217;impossibilit\u00e0 di dare seguito alle finalit\u00e0 di cui al precedente punto.<\/p><hr \/><h5>Finalit\u00e0 e base giuridica del trattamento<br \/><i>Come utilizziamo i suoi dati personali?<\/i><\/h5><p>Le informazioni acquisite vengono utilizzate per:<\/p><ul><li>fornire e migliorare i nostri servizi,<\/li><li>fornirti un&#8217;esperienza personalizzata nei siti,<\/li><li>contattarti riguardo alle tue richieste,<\/li><li>rilevare, prevenire, mitigare e accertare attivit\u00e0 fraudolente o illegali.<\/li><\/ul><p>I dati personali forniti mediante azione positiva e volontaria dall&#8217;interessato saranno trattati dal Titolare nell&#8217;osservanza delle disposizioni del GDPR per le finalit\u00e0 amministrative di gestione delle richieste di informazioni e\/o servizi e per conseguenti adempimenti degli obblighi legali e contrattuali dalle stesse derivanti. Il trattamento dei dati si rende quindi necessario per l&#8217;adempimento degli obblighi assunti nei confronti dei propri utenti, per l&#8217;adempimento degli obblighi previsti dalla legge, da un regolamento o dalla normativa comunitaria e per l&#8217;esercizio dei propri diritti in sede giudiziaria.<\/p><hr \/><h5>Comunicazione e diffusione dei dati<\/h5><p>I dati personali raccolti dal titolare non saranno &#8220;diffusi&#8221;, con tale termine intendendosi di darne conoscenza a soggetti indeterminati in qualunque modo, anche mediante la messa a disposizione o consultazione. Per la diffusione verr\u00e0 richiesto specifico consenso. I dati personali dell&#8217;interessato potranno invece da noi essere &#8220;comunicati&#8221;, con tale termine intendendosi il darne conoscenza a uno o pi\u00f9 soggetti determinati, nei seguenti termini:<\/p><ul><li>collaboratori in qualit\u00e0 di persone autorizzate al trattamento dei dati personali;<\/li><li>a terzi cui il Titolare si rivolge per l&#8217;esecuzione di servizi di natura professionale e servizi informatici per la gestione e manutenzione del sito Web <a href=\"https:\/\/www.re-birth.it\">www.re-birth.it<\/a> in outsourcing e nominati come Responsabili del trattamento;<\/li><li>a soggetti pubblici che possono accedere ai suoi dati in forza di disposizioni di legge o di regolamento, nei limiti previsti da tali norme.<\/li><\/ul><p>L&#8217;elenco aggiornato dei Responsabili del trattamento \u00e8 disponibile presso la sede <strong>REBIRTH SpA<\/strong> ed \u00e8 reperibile attraverso apposita richiesta formulata via email all&#8217;indirizzo <a href=\"mailto:rebirth_spa@legalmail.it\">rebirth_spa@legalmail.it<\/a>.<\/p><hr \/><h5>Modalit\u00e0 del trattamento e conservazione<\/h5><p>Il trattamento sar\u00e0 svolto in forma elettronica automatizzata e manuale, con modalit\u00e0 e strumenti volti a garantire la massima sicurezza e riservatezza, ad opera di soggetti di ci\u00f2 appositamente incaricati in ottemperanza a quanto previsto dall&#8217;art. 5 Reg. UE 2016\/679. I dati saranno conservati presso le sedi del Titolare o presso le sedi dei terzi di volta in volta identificati per dar seguito ai servizi da fornire per il tempo strettamente necessario per le finalit\u00e0 di cui sopra e comunque non eccedente il periodo di tempo prescritto dalla legge. In conformit\u00e0 alla vigente normativa, specifiche misure di sicurezza sono osservate per prevenire la perdita dei dati, usi illeciti o non corretti ed accessi non autorizzati. I dati personali saranno conservati per un periodo non superiore agli scopi per i quali i dati sono stati raccolti e successivamente trattati, salva la trasformazione in forma anonima.<\/p><hr \/><h5>Durata del trattamento<\/h5><p>I dati personali dell&#8217;interessato saranno conservati per i termini temporali che di seguito si specificano, come indicato al paragrafo 2 dall&#8217;art. 13, comma 2, del Regolamento 2016\/679. I dati personali conferiti saranno conservati (in archivi elettronici) fino a quando ritenuti ragionevolmente necessari per l&#8217;erogazione delle prestazioni e dei servizi richiesti, e successivamente verranno cancellati, salvo sorga l&#8217;esigenza di una ulteriore conservazione per consentire al Titolare la difesa dei propri diritti.<\/p><hr \/><h5>Esercizio dei diritti da parte dell&#8217;interessato<\/h5><p>Ai sensi degli artt. 15 &#8211; 22 del Regolamento (UE) 2016\/679, La informiamo relativamente agli obblighi che ha il Titolare nei suoi riguardi.<\/p><ul><li>ha il diritto di chiedere al Titolare l&#8217;accesso ai dati personali, la rettifica o la cancellazione degli stessi, l&#8217;integrazione dei dati o la limitazione del trattamento che La riguardano o di opporsi al loro trattamento, nei casi previsti;<\/li><li>ha il diritto di proporre reclamo all&#8217;Autorit\u00e0 di Controllo (Garante della Privacy) laddove ritenga che i suoi dati siano stati trattati in modo illegittimo, raggiungibile al sito Web <a href=\"http:\/\/www.garanteprivacy.it\/\">www.garanteprivacy.it<\/a>;<\/li><li>il Titolare garantisce che eventuali rettifiche o cancellazioni o limitazioni del trattamento effettuate su richiesta dell&#8217;interessato, salvo che ci\u00f2 si riveli impossibile o implichi uno sforzo sproporzionato \u2013 saranno comunicate dal Titolare a ciascuno dei destinatari cui sono stati trasmessi i dati personali. Il Titolare del trattamento comunica all&#8217;interessato tali destinatari qualora l&#8217;interessato lo richieda;<\/li><li>in qualsiasi momento potr\u00e0 inoltre revocare il consenso prestato per le finalit\u00e0 sopra indicate;<\/li><li>l&#8217;esercizio dei diritti non \u00e8 soggetto ad alcun vincolo di forma e le verr\u00e0 fornito riscontro entro i tempi previsti dalla normativa in forma scritta (salvo tua specifica richiesta di riscontro orale); Per esercitare tali diritti potr\u00e0 rivolgersi in qualunque momento al Titolare del trattamento dei suoi dati personali.<\/li><\/ul><p>Inoltre ha il diritto di chiedere la cancellazione, la trasformazione in forma anonima o il blocco dei dati trattati in violazione di legge, nonch\u00e9 di opporsi in ogni caso, per motivi legittimi, al loro trattamento. Per qualsiasi richiesta di informazioni e\/o chiarimenti, domande o reclami sul trattamento dei dati personali e per far valere i suoi diritti come espressi dagli artt. 15 e seguenti del Regolamento, si potr\u00e0 rivolgere al Titolare del trattamento ai recapiti sopra indicati o all&#8217;indirizzo email dedicato <a href=\"mailto:privacy@re-birth.it\" target=\"_blank\" rel=\"noopener\">privacy@re-birth.it<\/a>.<\/p><h5>Come proteggiamo i suoi dati personali<\/h5><p>Trattiamo i suoi dati personali con riguardo alla protezione dei diritti e le libert\u00e0 fondamentali delle persone fisiche, verifichiamo e valutiamo regolarmente l&#8217;efficacia delle misure tecniche adottate, al fine di garantire la sicurezza del trattamento (dall&#8217;art.32 del Regolamento).<\/p><h5>Informativa sui Cookies<\/h5><p>(resa ai sensi del Provvedimento del Garante del&#8217;8 Maggio 2014 pubblicato in G.U. n.126 il 3 giugno 2014, di recepimento della direttiva 2002\/58\/CE)<br \/>I cookie sono piccoli file di testo che servono per ottenere informazioni sulla navigazione all&#8217;interno del sito. Con riferimento all&#8217;utilizzo dei <strong>cookies\u00a0o di sistemi di tracciamento\/monitoraggio<\/strong> permanente degli utenti, la informiamo che l&#8217;accesso al sito pu\u00f2 comportare l&#8217;invio\u00a0\u2013 da parte del server al PC terminale dell&#8217;utente \u2013 di file di testo per ottenere informazioni sulla tua navigazione all&#8217;interno del sito. L&#8217;invio di cookie non persistenti \u00e8 necessario per permettere il funzionamento di alcune parti del servizio che richiedono l&#8217;identificazione del percorso dell&#8217;utente attraverso diverse pagine del sito. <strong>I cookie<\/strong> si distinguono in:<\/p><ul><li>I <strong>cookie tecnici <\/strong>sono necessari per il corretto funzionamento del sito web e, quindi per la corretta navigazione. I cookie tecnici possono essere di sessione (durata limitata; il tempo della navigazione), oppure persistenti (ovvero rimangono all&#8217;interno del browser per un tempo superiore alla navigazione). Rientrano tra questi anche i cookie c.d. funzionali e quelli di <strong>analisi (statistici)<\/strong>. I cookie analitici non sono indispensabili al funzionamento del sito.<\/li><li><strong>I cookie di profilazione<\/strong> sono utilizzati per monitorare l&#8217;utente rispetto alla navigazione nel sito web, con l&#8217;obiettivo di creare veri e propri profili di preferenze e di scelte, facilitando l&#8217;invio di messaggi pubblicitari mirati. Questa tipologia di cookie non \u00e8 indispensabile al funzionamento del sito.<\/li><\/ul><p><strong>I cookie<\/strong>, in generale, possono essere classificati:<\/p><ul><li><strong>prima parte<\/strong> (first part), ovvero generati e controllati dal Titolare del sito web;<\/li><li><strong>terze parti<\/strong> (third part) generati e controllati da Gestori (Titolari) diversi rispetto al sito web dove si sta navigando. <strong>Cookie di analisi di terze parti<\/strong>. Ogni volta che un utente visita un sito web,\u00a0 un software analitico traccia i cookie in forma anonima. Questo permette di monitorare il numero di utenti, le pagine viste o il tempo trascorso su una pagina particolare, l&#8217;et\u00e0, genere ed interessi ai fini di campagne di marketing. I cookie sono inviati da sistemi di terze parti esterni al sito web (ad esempio da Google Analytics, un servizio di statistica ed analisi web, offerto da Google Inc &#8211; Terza Parte). <strong>Cookie per integrare prodotti e funzioni di software di terze parti. <\/strong>Sono cookie che permettono all&#8217;account social dell&#8217;utente di interagire con il presente sito e non sono indispensabili per il funzionamento dello stesso. L&#8217;utilizzo pi\u00f9 comune \u00e8 quello finalizzato alla condivisione dei contenuti dei social network. La presenza dei plugin comporta la trasmissione di cookie da e verso tutti i siti gestiti da terze parti. La gestione delle informazioni raccolte da &#8220;terze parti&#8221; \u00e8 \u00a0disciplinata dalle relative informative cui si prega di fare riferimento.<\/li><\/ul><p>Nella formulazione vigente, a seguito della entrata in vigore del d.lgs.69\/2012, (che ha modificato l&#8217;art. 122 del Codice della Privacy) i cookies &#8220;tecnici&#8221; possano essere utilizzati anche in assenza del consenso dell&#8217;interessato. Come indicato dal Garante per la protezione dei dati personali, utilizzando cookie realizzati da terze parti, solo per fini statistici, non si \u00e8 soggetti agli obblighi e agli adempimenti previsti dalla normativa se vengono attivati strumenti idonei a ridurre il potere identificativo dei cookie (<strong>mascheratura dell&#8217;Indirizzo IP<\/strong>) e la terza parte non incroci o arricchisca le informazioni raccolte con altre di cui gi\u00e0 dispone. <strong>L&#8217;utente pu\u00f2 liberamente accettare o rifiutare l&#8217;invio di tutti o di alcuni dei nostri cookie al suo terminale<\/strong>, tuttavia deve tenere presente che l&#8217;invio da parte dei nostri server di alcuni cookie non persistenti \u00e8 necessario per permettere il funzionamento di alcune parti del servizio che richiedono l&#8217;identificazione del percorso dell&#8217;utente attraverso diverse pagine del sito. Pertanto, in assenza di tali cookie, il funzionamento del sito potrebbe risultare compromesso o impossibile. Se l&#8217;utente accetta di ricevere i cookie da parte di <a href=\"https:\/\/www.re-birth.it\">www.re-birth.it<\/a> pu\u00f2, in qualunque momento, modificare tale scelta e disattivare in maniera semplice e agevole l&#8217;operativit\u00e0 di tutti o alcuni cookie attraverso le opzioni di configurazione del browser utilizzato. Ciascun browser, presenta procedure diverse per la gestione dei cookies, di seguito riportiamo il link alle istruzioni specifiche di quelli pi\u00f9 diffusi:<\/p><ul><li>Internet Explorer: <a href=\"http:\/\/windows.microsoft.com\/it-it\/internet-explorer\/delete-manage-cookies#ie=ie-11\" target=\"_blank\" rel=\"noopener noreferrer\">http:\/\/windows.microsoft.com\/it-it\/internet-explorer\/delete-manage-cookies#ie=ie-11<\/a><\/li><li>Google Chrome: <a href=\"https:\/\/support.google.com\/accounts\/answer\/61416?hl=it\" target=\"_blank\" rel=\"noopener noreferrer\">https:\/\/support.google.com\/accounts\/answer\/61416?hl=it<\/a><\/li><li>Apple Safari: <a href=\"http:\/\/support.apple.com\/kb\/HT1677?viewlocale=it_IT\" target=\"_blank\" rel=\"noopener noreferrer\">http:\/\/support.apple.com\/kb\/HT1677?viewlocale=it_IT<\/a><\/li><li>Mozilla Firefox: <a href=\"https:\/\/support.mozilla.org\/it\/kb\/Attivare%20e%20disattivare%20i%20cookie\" target=\"_blank\" rel=\"noopener noreferrer\">https:\/\/support.mozilla.org\/it\/kb\/Attivare%20e%20disattivare%20i%20cookie<\/a><\/li><li>Opera: <a href=\"http:\/\/help.opera.com\/Mac\/12.10\/it\/cookies.html\" target=\"_blank\" rel=\"noopener noreferrer\">http:\/\/help.opera.com\/Mac\/12.10\/it\/cookies.html<\/a><\/li><\/ul><hr \/><h5>Cookies utilizzati dal sito web www.re-birth.it<\/h5><ul><li>moove_gdpr_popup<\/li><\/ul><p>\u00a0<\/p><hr class=\"no_line\" \/><p>\u00a0<\/p><p>Si precisa che il presente documento costituisce la &#8220;<em>Privacy e Cookie Policy<\/em>&#8221; del sito <a href=\"https:\/\/www.re-birth.it\">www.re-birth.it<\/a> e che sar\u00e0 soggetta ad aggiornamenti.<\/p><p><em>Ultima revisione 06\/07\/2021<\/em><\/p><\/div><\/div><\/div>\t\t\t\t\t\t<\/div>\n\t\t\t\t<\/div>\n\t\t\t\t\t<\/div>\n\t\t<\/div>\n\t\t\t\t\t<\/div>\n\t\t<\/section>\n\t\t\t\t<\/div>\n\t\t","protected":false},"excerpt":{"rendered":"<p>Cookie policy INFORMAZIONI SUL TRATTAMENTO DEI DATI PERSONALI degli utenti che consultano il sito web www.re-birth.it ai sensi dell&#8217;art. 13 del Regolamento UE 2016\/679 (GDPR) Perch\u00e9 questo avviso In questa pagina si descrivono le modalit\u00e0 di gestione del sito in riferimento al trattamento dei dati personali a coloro che interagiscono con i servizi web della [&hellip;]<\/p>\n","protected":false},"author":1,"featured_media":0,"parent":0,"menu_order":0,"comment_status":"closed","ping_status":"closed","template":"","meta":{"footnotes":""},"class_list":["post-1069","page","type-page","status-publish","hentry"],"_links":{"self":[{"href":"https:\/\/rebirthcanarie.es\/it\/wp-json\/wp\/v2\/pages\/1069","targetHints":{"allow":["GET"]}}],"collection":[{"href":"https:\/\/rebirthcanarie.es\/it\/wp-json\/wp\/v2\/pages"}],"about":[{"href":"https:\/\/rebirthcanarie.es\/it\/wp-json\/wp\/v2\/types\/page"}],"author":[{"embeddable":true,"href":"https:\/\/rebirthcanarie.es\/it\/wp-json\/wp\/v2\/users\/1"}],"replies":[{"embeddable":true,"href":"https:\/\/rebirthcanarie.es\/it\/wp-json\/wp\/v2\/comments?post=1069"}],"version-history":[{"count":0,"href":"https:\/\/rebirthcanarie.es\/it\/wp-json\/wp\/v2\/pages\/1069\/revisions"}],"wp:attachment":[{"href":"https:\/\/rebirthcanarie.es\/it\/wp-json\/wp\/v2\/media?parent=1069"}],"curies":[{"name":"wp","href":"https:\/\/api.w.org\/{rel}","templated":true}]}}